{"id":24,"date":"2020-04-23T22:36:20","date_gmt":"2020-04-23T20:36:20","guid":{"rendered":"http:\/\/atelier-photo.be\/site\/?page_id=24"},"modified":"2025-03-12T13:26:33","modified_gmt":"2025-03-12T12:26:33","slug":"espace-prive","status":"publish","type":"page","link":"https:\/\/atelier-photo.be\/site\/espace-prive\/","title":{"rendered":"SUPPORTS DE COURS"},"content":{"rendered":"\n<p>Vous pouvez acc\u00e9der aux supports de cours en s\u00e9lectionnant votre atelier.<br>Les contenus des cours ainsi que les exercices sont disponibles \u00e0 la lecture et accessible avec votre mot de passe.<\/p>\n\n\n\n<h4 class=\"wp-block-heading\"><strong><em>Ateliers de 202<\/em><\/strong>5<\/h4>\n\n\n\n<p>\ud83d\udcf7 FORMATION PHOTOSHOP : <a href=\"https:\/\/atelier-photo.be\/site\/formation-photoshop-2025\/\" data-type=\"page\" data-id=\"2092\">CLIQUEZ ICI<\/a><br>\ud83d\udcf7 <a href=\"https:\/\/atelier-photo.be\/site\/espace-prive\/photoshop-banque-dimages\/\" data-type=\"link\" data-id=\"https:\/\/atelier-photo.be\/site\/espace-prive\/photoshop-banque-dimages\/\" target=\"_blank\" rel=\"noreferrer noopener\">BANQUE D&rsquo;IMAGE<\/a> POUR PHOTOSHOP.<\/p>\n\n\n\n<h4 class=\"wp-block-heading\"><strong><em>Ateliers de 2024<\/em><\/strong><\/h4>\n\n\n\n<p>\ud83d\udcf7 Atelier PHOTO 2024 (UDA &#8211; UCLouvain Bruxelles) : <a href=\"https:\/\/atelier-photo.be\/site\/espace-prive\/uda-2023-2024\/\" data-type=\"URL\" data-id=\"https:\/\/atelier-photo.be\/site\/espace-prive\/uda-2023-2024\/\">Cliquez ici<\/a><br>\ud83d\udcf7 2024 (UDA &#8211; UCLouvain Bruxelles) : <a href=\"https:\/\/atelier-photo.be\/site\/espace-prive\/creer-son-livre-photo-02-2024\/\" data-type=\"page\" data-id=\"1610\">Cr\u00e9er son livre photo<\/a><\/p>\n\n\n\n<h4 class=\"wp-block-heading\"><strong><em>Ateliers de 2023<\/em><\/strong><\/h4>\n\n\n\n<p>\ud83d\udcf7 UDA &#8211; UCLouvain Bruxelles : <a href=\"https:\/\/atelier-photo.be\/site\/espace-prive\/creer-son-livre-photo-03-2023\/\" data-type=\"page\" data-id=\"1249\">Cr\u00e9er son livre photo<\/a><br>\ud83d\udcf7 Formation PHOTOSHOP : <a href=\"https:\/\/atelier-photo.be\/site\/espace-prive\/uda-photoshop-2022-2023\/\" data-type=\"URL\" data-id=\"https:\/\/atelier-photo.be\/site\/espace-prive\/uda-photoshop-2022-2023\/\">Cliquez ici<\/a><br>\ud83d\udcf7 Atelier PHOTO UDA :  <a href=\"https:\/\/atelier-photo.be\/site\/espace-prive\/uda-2021-2022\/\">Cliquez ici.<\/a><a href=\"https:\/\/atelier-photo.be\/site\/espace-prive\/uda-2021-2022\/\" data-type=\"URL\" data-id=\"https:\/\/atelier-photo.be\/site\/espace-prive\/uda-2021-2022\/\"><\/a><br>\ud83d\udcf7 Atelier Photom\u00e9dia22 : <a href=\"https:\/\/atelier-photo.be\/site\/atelier-photo-media22\/\" data-type=\"page\" data-id=\"694\">Cliquez ici.<\/a><\/p>\n\n\n\n<h4 class=\"wp-block-heading\"><strong><em>Ateliers de 2021<\/em><\/strong><\/h4>\n\n\n\n<p>\ud83d\udcf7 Atelier 2021 (UDA &#8211; Bruxelles) : <a href=\"https:\/\/atelier-photo.be\/site\/espace-prive\/creer-son-livre-photo\/\">Cr\u00e9er son livre photo<\/a><br>\ud83d\udcf7 Atelier 2021 (UDA &#8211; Bruxelles) : <a href=\"https:\/\/atelier-photo.be\/site\/espace-prive\/formation-photoshop\/\">Atelier d\u00e9couverte ADOBE PHOTOSHOP<\/a><br>\ud83d\udcf7 Atelier 2021 (Mons) : <a href=\"https:\/\/atelier-photo.be\/site\/espace-prive\/atelier-l-art-2021\/\">PhotoMons21<\/a><br>\ud83d\udcf7 Atelier 2021 (Mons) : <a href=\"https:\/\/atelier-photo.be\/site\/espace-prive\/atelier-la-maniere-2021\/\">Photographie argentique \u00e0 La Maison Photo<\/a><\/p>\n\n\n\n<h4 class=\"wp-block-heading\"><strong><em>Ateliers de 2020 &amp; 2021<\/em><\/strong><\/h4>\n\n\n\n<p>\ud83d\udcf7 Atelier 2020 &#8211; 2021 (Bruxelles) : <a href=\"https:\/\/atelier-photo.be\/site\/uda-2020-2021\/\">Universit\u00e9 des Ain\u00e9s (UDA)<\/a><br>\ud83d\udcf7 Atelier 2020 &#8211; 2021 (Bruxelles) : <a href=\"https:\/\/atelier-photo.be\/site\/espace-prive\/eneo-2020-2021\/\">En\u00e9o<\/a><\/p>\n\n\n\n<figure class=\"wp-block-image size-large\"><img loading=\"lazy\" decoding=\"async\" width=\"784\" height=\"500\" src=\"https:\/\/atelier-photo.be\/site\/wp-content\/uploads\/2020\/11\/decoration_ressources.png\" alt=\"\" class=\"wp-image-314\" srcset=\"https:\/\/atelier-photo.be\/site\/wp-content\/uploads\/2020\/11\/decoration_ressources.png 784w, https:\/\/atelier-photo.be\/site\/wp-content\/uploads\/2020\/11\/decoration_ressources-300x191.png 300w, https:\/\/atelier-photo.be\/site\/wp-content\/uploads\/2020\/11\/decoration_ressources-768x490.png 768w\" sizes=\"(max-width: 784px) 100vw, 784px\" \/><\/figure>\n\n\n\n<h5 class=\"wp-block-heading\">Ateliers de 2024<\/h5>\n","protected":false},"excerpt":{"rendered":"<div class=\"mh-excerpt\"><p>Vous pouvez acc\u00e9der aux supports de cours en s\u00e9lectionnant votre atelier.Les contenus des cours ainsi que les exercices sont disponibles \u00e0 la lecture et accessible <a class=\"mh-excerpt-more\" href=\"https:\/\/atelier-photo.be\/site\/espace-prive\/\" title=\"SUPPORTS DE COURS\">[&#8230;]<\/a><\/p>\n<\/div>","protected":false},"author":1,"featured_media":0,"parent":0,"menu_order":5,"comment_status":"closed","ping_status":"closed","template":"","meta":{"cybocfi_hide_featured_image":"","footnotes":""},"_links":{"self":[{"href":"https:\/\/atelier-photo.be\/site\/wp-json\/wp\/v2\/pages\/24"}],"collection":[{"href":"https:\/\/atelier-photo.be\/site\/wp-json\/wp\/v2\/pages"}],"about":[{"href":"https:\/\/atelier-photo.be\/site\/wp-json\/wp\/v2\/types\/page"}],"author":[{"embeddable":true,"href":"https:\/\/atelier-photo.be\/site\/wp-json\/wp\/v2\/users\/1"}],"replies":[{"embeddable":true,"href":"https:\/\/atelier-photo.be\/site\/wp-json\/wp\/v2\/comments?post=24"}],"version-history":[{"count":86,"href":"https:\/\/atelier-photo.be\/site\/wp-json\/wp\/v2\/pages\/24\/revisions"}],"predecessor-version":[{"id":2208,"href":"https:\/\/atelier-photo.be\/site\/wp-json\/wp\/v2\/pages\/24\/revisions\/2208"}],"wp:attachment":[{"href":"https:\/\/atelier-photo.be\/site\/wp-json\/wp\/v2\/media?parent=24"}],"curies":[{"name":"wp","href":"https:\/\/api.w.org\/{rel}","templated":true}]}}